
{"id":304,"date":"2025-05-19T12:05:31","date_gmt":"2025-05-19T10:05:31","guid":{"rendered":"https:\/\/therezo.com\/login-2\/"},"modified":"2025-05-28T07:02:17","modified_gmt":"2025-05-28T05:02:17","slug":"connexion","status":"publish","type":"page","link":"https:\/\/copaindumatin.org\/zh\/connexion\/","title":{"rendered":"Connexion"},"content":{"rendered":"<p>[et_pb_section fb_built=\u00a0\u00bb1&Prime; admin_label=\u00a0\u00bbsection\u00a0\u00bb _builder_version=\u00a0\u00bb4.27.4&Prime; background_color=\u00a0\u00bb#232d22&Prime; hover_enabled=\u00a0\u00bb0&Prime; global_colors_info=\u00a0\u00bb{}\u00a0\u00bb custom_padding_last_edited=\u00a0\u00bbon|phone\u00a0\u00bb sticky_enabled=\u00a0\u00bb0&Prime; custom_padding_phone=\u00a0\u00bb0px||0px||false|false\u00a0\u00bb][et_pb_row _builder_version=\u00a0\u00bb4.27.4&Prime; _module_preset=\u00a0\u00bbdefault\u00a0\u00bb hover_enabled=\u00a0\u00bb0&Prime; locked=\u00a0\u00bboff\u00a0\u00bb global_colors_info=\u00a0\u00bb{}\u00a0\u00bb custom_padding_last_edited=\u00a0\u00bbon|phone\u00a0\u00bb custom_padding_phone=\u00a0\u00bb||0px||false|false\u00a0\u00bb sticky_enabled=\u00a0\u00bb0&Prime;][et_pb_column type=\u00a0\u00bb4_4&Prime; _builder_version=\u00a0\u00bb4.27.4&Prime; _module_preset=\u00a0\u00bbdefault\u00a0\u00bb global_colors_info=\u00a0\u00bb{}\u00a0\u00bb][et_pb_text _builder_version=\u00a0\u00bb4.27.4&Prime; _module_preset=\u00a0\u00bbdefault\u00a0\u00bb header_font=\u00a0\u00bb|||on|||||\u00a0\u00bb header_2_font=\u00a0\u00bb|||on|||||\u00a0\u00bb header_2_font_size=\u00a0\u00bb5vw\u00a0\u00bb text_orientation=\u00a0\u00bbcenter\u00a0\u00bb hover_enabled=\u00a0\u00bb0&Prime; global_colors_info=\u00a0\u00bb{}\u00a0\u00bb header_3_font_size_last_edited=\u00a0\u00bbon|phone\u00a0\u00bb header_3_font_size=\u00a0\u00bb20px\u00a0\u00bb header_3_font_size_phone=\u00a0\u00bb30px\u00a0\u00bb sticky_enabled=\u00a0\u00bb0&Prime; header_3_font_size_tablet=\u00a0\u00bb20px\u00a0\u00bb]<\/p>\n<h2>CONNEXION<\/h2>\n<h3>\u00ab\u00a0Copain du Matin\u00a0\u00bb<\/h3>\n<p>[\/et_pb_text][\/et_pb_column][\/et_pb_row][et_pb_row admin_label=\u00a0\u00bbrow\u00a0\u00bb _builder_version=\u00a0\u00bb4.27.4&Prime; background_size=\u00a0\u00bbinitial\u00a0\u00bb background_position=\u00a0\u00bbtop_left\u00a0\u00bb background_repeat=\u00a0\u00bbrepeat\u00a0\u00bb hover_enabled=\u00a0\u00bb0&Prime; global_colors_info=\u00a0\u00bb{}\u00a0\u00bb width_last_edited=\u00a0\u00bbon|phone\u00a0\u00bb width_phone=\u00a0\u00bb\u00a0\u00bb sticky_enabled=\u00a0\u00bb0&Prime;][et_pb_column type=\u00a0\u00bb4_4&Prime; _builder_version=\u00a0\u00bb4.16&Prime; custom_padding=\u00a0\u00bb|||\u00a0\u00bb global_colors_info=\u00a0\u00bb{}\u00a0\u00bb custom_padding__hover=\u00a0\u00bb|||\u00a0\u00bb][et_pb_text admin_label=\u00a0\u00bbText\u00a0\u00bb _builder_version=\u00a0\u00bb4.27.4&Prime; text_font=\u00a0\u00bbHind Madurai|&#8211;et_global_body_font_weight|||||||\u00a0\u00bb text_font_size=\u00a0\u00bb17px\u00a0\u00bb background_size=\u00a0\u00bbinitial\u00a0\u00bb background_position=\u00a0\u00bbtop_left\u00a0\u00bb background_repeat=\u00a0\u00bbrepeat\u00a0\u00bb text_orientation=\u00a0\u00bbcenter\u00a0\u00bb width=\u00a0\u00bb70%\u00a0\u00bb module_alignment=\u00a0\u00bbcenter\u00a0\u00bb custom_padding=\u00a0\u00bb5%|5%|5%|5%|true|true\u00a0\u00bb hover_enabled=\u00a0\u00bb0&Prime; border_width_all=\u00a0\u00bb1px\u00a0\u00bb border_color_all=\u00a0\u00bb#FFFFFF\u00a0\u00bb global_colors_info=\u00a0\u00bb{}\u00a0\u00bb width_last_edited=\u00a0\u00bbon|phone\u00a0\u00bb width_phone=\u00a0\u00bb100%\u00a0\u00bb sticky_enabled=\u00a0\u00bb0&Prime; custom_padding_last_edited=\u00a0\u00bbon|phone\u00a0\u00bb custom_margin_last_edited=\u00a0\u00bbon|phone\u00a0\u00bb custom_margin_phone=\u00a0\u00bb||0px||false|false\u00a0\u00bb width_tablet=\u00a0\u00bb70%\u00a0\u00bb custom_padding_tablet=\u00a0\u00bb5%|5%|5%|5%|true|true\u00a0\u00bb custom_padding_phone=\u00a0\u00bb5%|5%|5%|5%|true|true\u00a0\u00bb]<\/p>\n<p>[pms-login]<\/p>\n<p>[\/et_pb_text][\/et_pb_column][\/et_pb_row][\/et_pb_section]<\/p>\n","protected":false},"excerpt":{"rendered":"<p>CONNEXION \u00ab\u00a0Copain du Matin\u00a0\u00bb[pms-login]<\/p>\n","protected":false},"author":1,"featured_media":0,"parent":0,"menu_order":0,"comment_status":"closed","ping_status":"closed","template":"","meta":{"_et_pb_use_builder":"on","_et_pb_old_content":"[pms-login]","_et_gb_content_width":"","footnotes":""},"class_list":["post-304","page","type-page","status-publish","hentry"],"yoast_head":"<!-- This site is optimized with the Yoast SEO plugin v27.3 - https:\/\/yoast.com\/product\/yoast-seo-wordpress\/ -->\n<title>Copain du Matin \u2013 Veille solidaire quotidienne pour personnes seules et vuln\u00e9rables<\/title>\n<meta name=\"description\" content=\"Copain du Matin est une communaut\u00e9 solidaire qui veille chaque matin sur ses membres, en particulier les personnes seules, \u00e2g\u00e9es ou vuln\u00e9rables, gr\u00e2ce \u00e0 un syst\u00e8me d\u2019appel ou de message r\u00e9gulier. Ensemble, pr\u00e9venons l\u2019isolement, les malaises et les situations critiques.\" \/>\n<meta name=\"robots\" content=\"index, follow, max-snippet:-1, max-image-preview:large, max-video-preview:-1\" \/>\n<link rel=\"canonical\" href=\"https:\/\/copaindumatin.org\/zh\/connexion\/\" \/>\n<meta property=\"og:locale\" content=\"zh_CN\" \/>\n<meta property=\"og:type\" content=\"article\" \/>\n<meta property=\"og:title\" content=\"Copain du Matin \u2013 Veille solidaire quotidienne pour personnes seules et vuln\u00e9rables\" \/>\n<meta property=\"og:description\" content=\"Copain du Matin est une communaut\u00e9 solidaire qui veille chaque matin sur ses membres, en particulier les personnes seules, \u00e2g\u00e9es ou vuln\u00e9rables, gr\u00e2ce \u00e0 un syst\u00e8me d\u2019appel ou de message r\u00e9gulier. Ensemble, pr\u00e9venons l\u2019isolement, les malaises et les situations critiques.\" \/>\n<meta property=\"og:url\" content=\"https:\/\/copaindumatin.org\/zh\/connexion\/\" \/>\n<meta property=\"og:site_name\" content=\"Copain du Matin\" \/>\n<meta property=\"article:modified_time\" content=\"2025-05-28T05:02:17+00:00\" \/>\n<meta name=\"twitter:card\" content=\"summary_large_image\" \/>\n<meta name=\"twitter:label1\" content=\"\u9884\u8ba1\u9605\u8bfb\u65f6\u95f4\" \/>\n\t<meta name=\"twitter:data1\" content=\"1 \u5206\" \/>\n<script type=\"application\/ld+json\" class=\"yoast-schema-graph\">{\"@context\":\"https:\\\/\\\/schema.org\",\"@graph\":[{\"@type\":\"WebPage\",\"@id\":\"https:\\\/\\\/copaindumatin.org\\\/connexion\\\/\",\"url\":\"https:\\\/\\\/copaindumatin.org\\\/connexion\\\/\",\"name\":\"Copain du Matin \u2013 Veille solidaire quotidienne pour personnes seules et vuln\u00e9rables\",\"isPartOf\":{\"@id\":\"https:\\\/\\\/copaindumatin.org\\\/#website\"},\"datePublished\":\"2025-05-19T10:05:31+00:00\",\"dateModified\":\"2025-05-28T05:02:17+00:00\",\"description\":\"Copain du Matin est une communaut\u00e9 solidaire qui veille chaque matin sur ses membres, en particulier les personnes seules, \u00e2g\u00e9es ou vuln\u00e9rables, gr\u00e2ce \u00e0 un syst\u00e8me d\u2019appel ou de message r\u00e9gulier. Ensemble, pr\u00e9venons l\u2019isolement, les malaises et les situations critiques.\",\"breadcrumb\":{\"@id\":\"https:\\\/\\\/copaindumatin.org\\\/connexion\\\/#breadcrumb\"},\"inLanguage\":\"zh-Hans\",\"potentialAction\":[{\"@type\":\"ReadAction\",\"target\":[\"https:\\\/\\\/copaindumatin.org\\\/connexion\\\/\"]}]},{\"@type\":\"BreadcrumbList\",\"@id\":\"https:\\\/\\\/copaindumatin.org\\\/connexion\\\/#breadcrumb\",\"itemListElement\":[{\"@type\":\"ListItem\",\"position\":1,\"name\":\"Accueil\",\"item\":\"https:\\\/\\\/copaindumatin.org\\\/\"},{\"@type\":\"ListItem\",\"position\":2,\"name\":\"Connexion\"}]},{\"@type\":\"WebSite\",\"@id\":\"https:\\\/\\\/copaindumatin.org\\\/#website\",\"url\":\"https:\\\/\\\/copaindumatin.org\\\/\",\"name\":\"Copain du Matin\",\"description\":\"Parce qu&#039;un appel peut tout changer\",\"publisher\":{\"@id\":\"https:\\\/\\\/copaindumatin.org\\\/#organization\"},\"potentialAction\":[{\"@type\":\"SearchAction\",\"target\":{\"@type\":\"EntryPoint\",\"urlTemplate\":\"https:\\\/\\\/copaindumatin.org\\\/?s={search_term_string}\"},\"query-input\":{\"@type\":\"PropertyValueSpecification\",\"valueRequired\":true,\"valueName\":\"search_term_string\"}}],\"inLanguage\":\"zh-Hans\"},{\"@type\":\"Organization\",\"@id\":\"https:\\\/\\\/copaindumatin.org\\\/#organization\",\"name\":\"Copain du Matin\",\"url\":\"https:\\\/\\\/copaindumatin.org\\\/\",\"logo\":{\"@type\":\"ImageObject\",\"inLanguage\":\"zh-Hans\",\"@id\":\"https:\\\/\\\/copaindumatin.org\\\/#\\\/schema\\\/logo\\\/image\\\/\",\"url\":\"https:\\\/\\\/copaindumatin.org\\\/wp-content\\\/uploads\\\/2025\\\/05\\\/fav.png\",\"contentUrl\":\"https:\\\/\\\/copaindumatin.org\\\/wp-content\\\/uploads\\\/2025\\\/05\\\/fav.png\",\"width\":800,\"height\":800,\"caption\":\"Copain du Matin\"},\"image\":{\"@id\":\"https:\\\/\\\/copaindumatin.org\\\/#\\\/schema\\\/logo\\\/image\\\/\"}}]}<\/script>\n<!-- \/ Yoast SEO plugin. -->","yoast_head_json":{"title":"\u6668\u95f4\u4f19\u4f34\u2014\u2014\u6bcf\u65e5\u4e3a\u5b64\u72ec\u548c\u5f31\u52bf\u7fa4\u4f53\u63d0\u4f9b\u58f0\u63f4\u3002","description":"\u201c\u6668\u95f4\u4f19\u4f34\u201d\u662f\u4e00\u4e2a\u4e92\u52a9\u793e\u533a\uff0c\u6bcf\u5929\u65e9\u4e0a\u90fd\u4f1a\u901a\u8fc7\u5b9a\u671f\u7535\u8bdd\u6216\u77ed\u4fe1\u95ee\u5019\u6210\u5458\uff0c\u5c24\u5176\u5173\u6ce8\u90a3\u4e9b\u72ec\u5c45\u3001\u5e74\u8001\u6216\u4f53\u5f31\u7684\u6210\u5458\u3002\u8ba9\u6211\u4eec\u643a\u624b\u9884\u9632\u5b64\u7acb\u3001\u75be\u75c5\u548c\u5371\u6025\u60c5\u51b5\u7684\u53d1\u751f\u3002.","robots":{"index":"index","follow":"follow","max-snippet":"max-snippet:-1","max-image-preview":"max-image-preview:large","max-video-preview":"max-video-preview:-1"},"canonical":"https:\/\/copaindumatin.org\/zh\/connexion\/","og_locale":"zh_CN","og_type":"article","og_title":"Copain du Matin \u2013 Veille solidaire quotidienne pour personnes seules et vuln\u00e9rables","og_description":"Copain du Matin est une communaut\u00e9 solidaire qui veille chaque matin sur ses membres, en particulier les personnes seules, \u00e2g\u00e9es ou vuln\u00e9rables, gr\u00e2ce \u00e0 un syst\u00e8me d\u2019appel ou de message r\u00e9gulier. Ensemble, pr\u00e9venons l\u2019isolement, les malaises et les situations critiques.","og_url":"https:\/\/copaindumatin.org\/zh\/connexion\/","og_site_name":"Copain du Matin","article_modified_time":"2025-05-28T05:02:17+00:00","twitter_card":"summary_large_image","twitter_misc":{"\u9884\u8ba1\u9605\u8bfb\u65f6\u95f4":"1 \u5206"},"schema":{"@context":"https:\/\/schema.org","@graph":[{"@type":"WebPage","@id":"https:\/\/copaindumatin.org\/connexion\/","url":"https:\/\/copaindumatin.org\/connexion\/","name":"\u6668\u95f4\u4f19\u4f34\u2014\u2014\u6bcf\u65e5\u4e3a\u5b64\u72ec\u548c\u5f31\u52bf\u7fa4\u4f53\u63d0\u4f9b\u58f0\u63f4\u3002","isPartOf":{"@id":"https:\/\/copaindumatin.org\/#website"},"datePublished":"2025-05-19T10:05:31+00:00","dateModified":"2025-05-28T05:02:17+00:00","description":"\u201c\u6668\u95f4\u4f19\u4f34\u201d\u662f\u4e00\u4e2a\u4e92\u52a9\u793e\u533a\uff0c\u6bcf\u5929\u65e9\u4e0a\u90fd\u4f1a\u901a\u8fc7\u5b9a\u671f\u7535\u8bdd\u6216\u77ed\u4fe1\u95ee\u5019\u6210\u5458\uff0c\u5c24\u5176\u5173\u6ce8\u90a3\u4e9b\u72ec\u5c45\u3001\u5e74\u8001\u6216\u4f53\u5f31\u7684\u6210\u5458\u3002\u8ba9\u6211\u4eec\u643a\u624b\u9884\u9632\u5b64\u7acb\u3001\u75be\u75c5\u548c\u5371\u6025\u60c5\u51b5\u7684\u53d1\u751f\u3002.","breadcrumb":{"@id":"https:\/\/copaindumatin.org\/connexion\/#breadcrumb"},"inLanguage":"zh-Hans","potentialAction":[{"@type":"ReadAction","target":["https:\/\/copaindumatin.org\/connexion\/"]}]},{"@type":"BreadcrumbList","@id":"https:\/\/copaindumatin.org\/connexion\/#breadcrumb","itemListElement":[{"@type":"ListItem","position":1,"name":"Accueil","item":"https:\/\/copaindumatin.org\/"},{"@type":"ListItem","position":2,"name":"Connexion"}]},{"@type":"WebSite","@id":"https:\/\/copaindumatin.org\/#website","url":"https:\/\/copaindumatin.org\/","name":"\u65e9\u5b89\u4f19\u4f34","description":"\u56e0\u4e3a\u4e00\u4e2a\u7535\u8bdd\u5c31\u80fd\u6539\u53d8\u4e00\u5207","publisher":{"@id":"https:\/\/copaindumatin.org\/#organization"},"potentialAction":[{"@type":"SearchAction","target":{"@type":"EntryPoint","urlTemplate":"https:\/\/copaindumatin.org\/?s={search_term_string}"},"query-input":{"@type":"PropertyValueSpecification","valueRequired":true,"valueName":"search_term_string"}}],"inLanguage":"zh-Hans"},{"@type":"Organization","@id":"https:\/\/copaindumatin.org\/#organization","name":"\u65e9\u5b89\u4f19\u4f34","url":"https:\/\/copaindumatin.org\/","logo":{"@type":"ImageObject","inLanguage":"zh-Hans","@id":"https:\/\/copaindumatin.org\/#\/schema\/logo\/image\/","url":"https:\/\/copaindumatin.org\/wp-content\/uploads\/2025\/05\/fav.png","contentUrl":"https:\/\/copaindumatin.org\/wp-content\/uploads\/2025\/05\/fav.png","width":800,"height":800,"caption":"Copain du Matin"},"image":{"@id":"https:\/\/copaindumatin.org\/#\/schema\/logo\/image\/"}}]}},"_links":{"self":[{"href":"https:\/\/copaindumatin.org\/zh\/wp-json\/wp\/v2\/pages\/304","targetHints":{"allow":["GET"]}}],"collection":[{"href":"https:\/\/copaindumatin.org\/zh\/wp-json\/wp\/v2\/pages"}],"about":[{"href":"https:\/\/copaindumatin.org\/zh\/wp-json\/wp\/v2\/types\/page"}],"author":[{"embeddable":true,"href":"https:\/\/copaindumatin.org\/zh\/wp-json\/wp\/v2\/users\/1"}],"replies":[{"embeddable":true,"href":"https:\/\/copaindumatin.org\/zh\/wp-json\/wp\/v2\/comments?post=304"}],"version-history":[{"count":11,"href":"https:\/\/copaindumatin.org\/zh\/wp-json\/wp\/v2\/pages\/304\/revisions"}],"predecessor-version":[{"id":436,"href":"https:\/\/copaindumatin.org\/zh\/wp-json\/wp\/v2\/pages\/304\/revisions\/436"}],"wp:attachment":[{"href":"https:\/\/copaindumatin.org\/zh\/wp-json\/wp\/v2\/media?parent=304"}],"curies":[{"name":"wp","href":"https:\/\/api.w.org\/{rel}","templated":true}]}}