
{"id":16,"date":"2024-08-03T07:53:34","date_gmt":"2024-08-03T05:53:34","guid":{"rendered":"https:\/\/therezo.com\/?page_id=16"},"modified":"2025-05-29T11:31:42","modified_gmt":"2025-05-29T09:31:42","slug":"contact","status":"publish","type":"page","link":"https:\/\/copaindumatin.org\/th\/contact\/","title":{"rendered":"\u0e15\u0e34\u0e14\u0e15\u0e48\u0e2d"},"content":{"rendered":"<p>[et_pb_section fb_built=\u00a0\u00bb1&Prime; custom_padding_last_edited=\u00a0\u00bbon|phone\u00a0\u00bb _builder_version=\u00a0\u00bb4.27.4&Prime; _module_preset=\u00a0\u00bbdefault\u00a0\u00bb background_color=\u00a0\u00bb#232d22&Prime; custom_margin=\u00a0\u00bb||0px||false|false\u00a0\u00bb custom_padding=\u00a0\u00bb||0px||false|false\u00a0\u00bb custom_padding_tablet=\u00a0\u00bb||0px||false|false\u00a0\u00bb custom_padding_phone=\u00a0\u00bb0px||0px||false|false\u00a0\u00bb border_color_bottom=\u00a0\u00bb#FFFFFF\u00a0\u00bb global_colors_info=\u00a0\u00bb{}\u00a0\u00bb][et_pb_row column_structure=\u00a0\u00bb2_5,3_5&Prime; _builder_version=\u00a0\u00bb4.27.4&Prime; _module_preset=\u00a0\u00bbdefault\u00a0\u00bb width_tablet=\u00a0\u00bb\u00a0\u00bb width_phone=\u00a0\u00bb88%\u00a0\u00bb width_last_edited=\u00a0\u00bbon|phone\u00a0\u00bb custom_margin=\u00a0\u00bb||-1px||false|false\u00a0\u00bb custom_padding=\u00a0\u00bb||0px||false|false\u00a0\u00bb global_colors_info=\u00a0\u00bb{}\u00a0\u00bb][et_pb_column type=\u00a0\u00bb2_5&Prime; _builder_version=\u00a0\u00bb4.27.4&Prime; _module_preset=\u00a0\u00bbdefault\u00a0\u00bb global_colors_info=\u00a0\u00bb{}\u00a0\u00bb][et_pb_text _builder_version=\u00a0\u00bb4.27.4&Prime; _module_preset=\u00a0\u00bbdefault\u00a0\u00bb header_font_size_tablet=\u00a0\u00bb\u00a0\u00bb header_font_size_phone=\u00a0\u00bb12vw\u00a0\u00bb header_font_size_last_edited=\u00a0\u00bbon|phone\u00a0\u00bb global_colors_info=\u00a0\u00bb{}\u00a0\u00bb]<\/p>\n<h1>CONTACT<\/h1>\n<p>[\/et_pb_text][et_pb_blurb title=\u00a0\u00bb+4127-552-60-11&Prime; use_icon=\u00a0\u00bbon\u00a0\u00bb font_icon=\u00a0\u00bb&#xf87b;||fa||900&Prime; icon_placement=\u00a0\u00bbleft\u00a0\u00bb content_max_width_last_edited=\u00a0\u00bboff|phone\u00a0\u00bb _builder_version=\u00a0\u00bb4.27.4&Prime; _module_preset=\u00a0\u00bbdefault\u00a0\u00bb header_font=\u00a0\u00bb|300|||||||\u00a0\u00bb header_text_color=\u00a0\u00bb#7CDA24&Prime; header_font_size=\u00a0\u00bb29px\u00a0\u00bb link_option_url=\u00a0\u00bbtel:+41275526011&Prime; header_font_size_tablet=\u00a0\u00bb29px\u00a0\u00bb header_font_size_phone=\u00a0\u00bb20px\u00a0\u00bb header_font_size_last_edited=\u00a0\u00bbon|phone\u00a0\u00bb global_colors_info=\u00a0\u00bb{}\u00a0\u00bb][\/et_pb_blurb][et_pb_blurb title=\u00a0\u00bbinfo@copainDuMatin.org\u00a0\u00bb use_icon=\u00a0\u00bbon\u00a0\u00bb font_icon=\u00a0\u00bb&#xf199;||fa||900&Prime; icon_placement=\u00a0\u00bbleft\u00a0\u00bb _builder_version=\u00a0\u00bb4.27.4&Prime; _module_preset=\u00a0\u00bbdefault\u00a0\u00bb header_font=\u00a0\u00bb|300|||||||\u00a0\u00bb header_text_color=\u00a0\u00bb#7CDA24&Prime; header_font_size=\u00a0\u00bb29px\u00a0\u00bb link_option_url=\u00a0\u00bbmailto:info@copaindumatin.org\u00a0\u00bb hover_enabled=\u00a0\u00bb0&Prime; header_font_size_tablet=\u00a0\u00bb29px\u00a0\u00bb header_font_size_phone=\u00a0\u00bb20px\u00a0\u00bb header_font_size_last_edited=\u00a0\u00bbon|phone\u00a0\u00bb global_colors_info=\u00a0\u00bb{}\u00a0\u00bb sticky_enabled=\u00a0\u00bb0&Prime;][\/et_pb_blurb][et_pb_blurb title=\u00a0\u00bb7\/7 &#8211; 24\/24&Prime; use_icon=\u00a0\u00bbon\u00a0\u00bb font_icon=\u00a0\u00bb&#xf4fd;||fa||900&Prime; icon_placement=\u00a0\u00bbleft\u00a0\u00bb _builder_version=\u00a0\u00bb4.27.4&Prime; _module_preset=\u00a0\u00bbdefault\u00a0\u00bb header_font=\u00a0\u00bb|300|||||||\u00a0\u00bb header_text_color=\u00a0\u00bb#7CDA24&Prime; header_font_size=\u00a0\u00bb29px\u00a0\u00bb custom_margin=\u00a0\u00bb|||-0.7vw|false|false\u00a0\u00bb header_font_size_tablet=\u00a0\u00bb29px\u00a0\u00bb header_font_size_phone=\u00a0\u00bb20px\u00a0\u00bb header_font_size_last_edited=\u00a0\u00bbon|phone\u00a0\u00bb global_colors_info=\u00a0\u00bb{}\u00a0\u00bb][\/et_pb_blurb][et_pb_blurb title=\u00a0\u00bbCommunaut\u00e9 %22Copain du Matin%22&Prime; use_icon=\u00a0\u00bbon\u00a0\u00bb font_icon=\u00a0\u00bb&#xf674;||fa||900&Prime; icon_placement=\u00a0\u00bbleft\u00a0\u00bb _builder_version=\u00a0\u00bb4.27.4&Prime; _module_preset=\u00a0\u00bbdefault\u00a0\u00bb header_font=\u00a0\u00bb|300|||||||\u00a0\u00bb header_text_color=\u00a0\u00bb#7CDA24&Prime; header_font_size=\u00a0\u00bb29px\u00a0\u00bb custom_margin=\u00a0\u00bb|||-0.5vw|false|false\u00a0\u00bb header_font_size_tablet=\u00a0\u00bb29px\u00a0\u00bb header_font_size_phone=\u00a0\u00bb20px\u00a0\u00bb header_font_size_last_edited=\u00a0\u00bbon|phone\u00a0\u00bb body_font_size_tablet=\u00a0\u00bb\u00a0\u00bb body_font_size_phone=\u00a0\u00bb20px\u00a0\u00bb body_font_size_last_edited=\u00a0\u00bbon|phone\u00a0\u00bb global_colors_info=\u00a0\u00bb{}\u00a0\u00bb]<\/p>\n<p>c\/o PY Mathys<br \/>138\/80 Chaiyaphruckek<br \/>Nong Prue, Banglamung<br \/>Chon Buri &#8211; 20150 (TH)<\/p>\n<p>[\/et_pb_blurb][\/et_pb_column][et_pb_column type=\u00a0\u00bb3_5&Prime; _builder_version=\u00a0\u00bb4.27.4&Prime; _module_preset=\u00a0\u00bbdefault\u00a0\u00bb global_colors_info=\u00a0\u00bb{}\u00a0\u00bb][et_pb_contact_form captcha=\u00a0\u00bboff\u00a0\u00bb email=\u00a0\u00bbinfo@copainDuMatin.org\u00a0\u00bb title=\u00a0\u00bbNous \u00e9crire\u00a0\u00bb submit_button_text=\u00a0\u00bbNous envoyer votre message\u00a0\u00bb _builder_version=\u00a0\u00bb4.27.4&Prime; _module_preset=\u00a0\u00bbdefault\u00a0\u00bb _unique_id=\u00a0\u00bb49ab9af9-5375-45dc-bd50-941fb80c2a10&Prime; custom_button=\u00a0\u00bbon\u00a0\u00bb button_custom_padding_last_edited=\u00a0\u00bboff|phone\u00a0\u00bb hover_enabled=\u00a0\u00bb0&Prime; title_font_size_tablet=\u00a0\u00bb\u00a0\u00bb title_font_size_phone=\u00a0\u00bb12vw\u00a0\u00bb title_font_size_last_edited=\u00a0\u00bbon|phone\u00a0\u00bb button_text_size_tablet=\u00a0\u00bb\u00a0\u00bb button_text_size_phone=\u00a0\u00bb18px\u00a0\u00bb button_text_size_last_edited=\u00a0\u00bbon|phone\u00a0\u00bb global_colors_info=\u00a0\u00bb{}\u00a0\u00bb custom_message=\u00a0\u00bbMessage saisi sur la page contact du site : ||et_pb_line_break_holder||||et_pb_line_break_holder||DE: %%pre%% %%nom%% (%%mail%% &#8211; Tel: %%tel%%)||et_pb_line_break_holder||||et_pb_line_break_holder||%%msg%%||et_pb_line_break_holder||- &#8211; &#8211;\u00a0\u00bb sticky_enabled=\u00a0\u00bb0&Prime;][et_pb_contact_field field_id=\u00a0\u00bbpre\u00a0\u00bb field_title=\u00a0\u00bbPr\u00e9nom\u00a0\u00bb _builder_version=\u00a0\u00bb4.27.4&Prime; hover_enabled=\u00a0\u00bb0&Prime; global_colors_info=\u00a0\u00bb{}\u00a0\u00bb button_text_size__hover_enabled=\u00a0\u00bboff\u00a0\u00bb button_one_text_size__hover_enabled=\u00a0\u00bboff\u00a0\u00bb button_two_text_size__hover_enabled=\u00a0\u00bboff\u00a0\u00bb button_text_color__hover_enabled=\u00a0\u00bboff\u00a0\u00bb button_one_text_color__hover_enabled=\u00a0\u00bboff\u00a0\u00bb button_two_text_color__hover_enabled=\u00a0\u00bboff\u00a0\u00bb button_border_width__hover_enabled=\u00a0\u00bboff\u00a0\u00bb button_one_border_width__hover_enabled=\u00a0\u00bboff\u00a0\u00bb button_two_border_width__hover_enabled=\u00a0\u00bboff\u00a0\u00bb button_border_color__hover_enabled=\u00a0\u00bboff\u00a0\u00bb button_one_border_color__hover_enabled=\u00a0\u00bboff\u00a0\u00bb button_two_border_color__hover_enabled=\u00a0\u00bboff\u00a0\u00bb button_border_radius__hover_enabled=\u00a0\u00bboff\u00a0\u00bb button_one_border_radius__hover_enabled=\u00a0\u00bboff\u00a0\u00bb button_two_border_radius__hover_enabled=\u00a0\u00bboff\u00a0\u00bb button_letter_spacing__hover_enabled=\u00a0\u00bboff\u00a0\u00bb button_one_letter_spacing__hover_enabled=\u00a0\u00bboff\u00a0\u00bb button_two_letter_spacing__hover_enabled=\u00a0\u00bboff\u00a0\u00bb button_bg_color__hover_enabled=\u00a0\u00bboff\u00a0\u00bb button_one_bg_color__hover_enabled=\u00a0\u00bboff\u00a0\u00bb button_two_bg_color__hover_enabled=\u00a0\u00bboff\u00a0\u00bb sticky_enabled=\u00a0\u00bb0&Prime;][\/et_pb_contact_field][et_pb_contact_field field_id=\u00a0\u00bbnom\u00a0\u00bb field_title=\u00a0\u00bbNom\u00a0\u00bb _builder_version=\u00a0\u00bb4.27.4&Prime; global_colors_info=\u00a0\u00bb{}\u00a0\u00bb button_text_size__hover_enabled=\u00a0\u00bboff\u00a0\u00bb button_one_text_size__hover_enabled=\u00a0\u00bboff\u00a0\u00bb button_two_text_size__hover_enabled=\u00a0\u00bboff\u00a0\u00bb button_text_color__hover_enabled=\u00a0\u00bboff\u00a0\u00bb button_one_text_color__hover_enabled=\u00a0\u00bboff\u00a0\u00bb button_two_text_color__hover_enabled=\u00a0\u00bboff\u00a0\u00bb button_border_width__hover_enabled=\u00a0\u00bboff\u00a0\u00bb button_one_border_width__hover_enabled=\u00a0\u00bboff\u00a0\u00bb button_two_border_width__hover_enabled=\u00a0\u00bboff\u00a0\u00bb button_border_color__hover_enabled=\u00a0\u00bboff\u00a0\u00bb button_one_border_color__hover_enabled=\u00a0\u00bboff\u00a0\u00bb button_two_border_color__hover_enabled=\u00a0\u00bboff\u00a0\u00bb button_border_radius__hover_enabled=\u00a0\u00bboff\u00a0\u00bb button_one_border_radius__hover_enabled=\u00a0\u00bboff\u00a0\u00bb button_two_border_radius__hover_enabled=\u00a0\u00bboff\u00a0\u00bb button_letter_spacing__hover_enabled=\u00a0\u00bboff\u00a0\u00bb button_one_letter_spacing__hover_enabled=\u00a0\u00bboff\u00a0\u00bb button_two_letter_spacing__hover_enabled=\u00a0\u00bboff\u00a0\u00bb button_bg_color__hover_enabled=\u00a0\u00bboff\u00a0\u00bb button_one_bg_color__hover_enabled=\u00a0\u00bboff\u00a0\u00bb button_two_bg_color__hover_enabled=\u00a0\u00bboff\u00a0\u00bb][\/et_pb_contact_field][et_pb_contact_field field_id=\u00a0\u00bbtel\u00a0\u00bb field_title=\u00a0\u00bbT\u00e9l\u00e9phone\u00a0\u00bb _builder_version=\u00a0\u00bb4.27.4&Prime; global_colors_info=\u00a0\u00bb{}\u00a0\u00bb button_text_size__hover_enabled=\u00a0\u00bboff\u00a0\u00bb button_one_text_size__hover_enabled=\u00a0\u00bboff\u00a0\u00bb button_two_text_size__hover_enabled=\u00a0\u00bboff\u00a0\u00bb button_text_color__hover_enabled=\u00a0\u00bboff\u00a0\u00bb button_one_text_color__hover_enabled=\u00a0\u00bboff\u00a0\u00bb button_two_text_color__hover_enabled=\u00a0\u00bboff\u00a0\u00bb button_border_width__hover_enabled=\u00a0\u00bboff\u00a0\u00bb button_one_border_width__hover_enabled=\u00a0\u00bboff\u00a0\u00bb button_two_border_width__hover_enabled=\u00a0\u00bboff\u00a0\u00bb button_border_color__hover_enabled=\u00a0\u00bboff\u00a0\u00bb button_one_border_color__hover_enabled=\u00a0\u00bboff\u00a0\u00bb button_two_border_color__hover_enabled=\u00a0\u00bboff\u00a0\u00bb button_border_radius__hover_enabled=\u00a0\u00bboff\u00a0\u00bb button_one_border_radius__hover_enabled=\u00a0\u00bboff\u00a0\u00bb button_two_border_radius__hover_enabled=\u00a0\u00bboff\u00a0\u00bb button_letter_spacing__hover_enabled=\u00a0\u00bboff\u00a0\u00bb button_one_letter_spacing__hover_enabled=\u00a0\u00bboff\u00a0\u00bb button_two_letter_spacing__hover_enabled=\u00a0\u00bboff\u00a0\u00bb button_bg_color__hover_enabled=\u00a0\u00bboff\u00a0\u00bb button_one_bg_color__hover_enabled=\u00a0\u00bboff\u00a0\u00bb button_two_bg_color__hover_enabled=\u00a0\u00bboff\u00a0\u00bb][\/et_pb_contact_field][et_pb_contact_field field_id=\u00a0\u00bbmail\u00a0\u00bb field_title=\u00a0\u00bbEmail\u00a0\u00bb field_type=\u00a0\u00bbemail\u00a0\u00bb _builder_version=\u00a0\u00bb4.27.4&Prime; global_colors_info=\u00a0\u00bb{}\u00a0\u00bb button_text_size__hover_enabled=\u00a0\u00bboff\u00a0\u00bb button_one_text_size__hover_enabled=\u00a0\u00bboff\u00a0\u00bb button_two_text_size__hover_enabled=\u00a0\u00bboff\u00a0\u00bb button_text_color__hover_enabled=\u00a0\u00bboff\u00a0\u00bb button_one_text_color__hover_enabled=\u00a0\u00bboff\u00a0\u00bb button_two_text_color__hover_enabled=\u00a0\u00bboff\u00a0\u00bb button_border_width__hover_enabled=\u00a0\u00bboff\u00a0\u00bb button_one_border_width__hover_enabled=\u00a0\u00bboff\u00a0\u00bb button_two_border_width__hover_enabled=\u00a0\u00bboff\u00a0\u00bb button_border_color__hover_enabled=\u00a0\u00bboff\u00a0\u00bb button_one_border_color__hover_enabled=\u00a0\u00bboff\u00a0\u00bb button_two_border_color__hover_enabled=\u00a0\u00bboff\u00a0\u00bb button_border_radius__hover_enabled=\u00a0\u00bboff\u00a0\u00bb button_one_border_radius__hover_enabled=\u00a0\u00bboff\u00a0\u00bb button_two_border_radius__hover_enabled=\u00a0\u00bboff\u00a0\u00bb button_letter_spacing__hover_enabled=\u00a0\u00bboff\u00a0\u00bb button_one_letter_spacing__hover_enabled=\u00a0\u00bboff\u00a0\u00bb button_two_letter_spacing__hover_enabled=\u00a0\u00bboff\u00a0\u00bb button_bg_color__hover_enabled=\u00a0\u00bboff\u00a0\u00bb button_one_bg_color__hover_enabled=\u00a0\u00bboff\u00a0\u00bb button_two_bg_color__hover_enabled=\u00a0\u00bboff\u00a0\u00bb][\/et_pb_contact_field][et_pb_contact_field field_id=\u00a0\u00bbmsg\u00a0\u00bb field_title=\u00a0\u00bbVotre message\u00a0\u00bb field_type=\u00a0\u00bbtext\u00a0\u00bb fullwidth_field=\u00a0\u00bbon\u00a0\u00bb _builder_version=\u00a0\u00bb4.27.4&Prime; global_colors_info=\u00a0\u00bb{}\u00a0\u00bb button_text_size__hover_enabled=\u00a0\u00bboff\u00a0\u00bb button_one_text_size__hover_enabled=\u00a0\u00bboff\u00a0\u00bb button_two_text_size__hover_enabled=\u00a0\u00bboff\u00a0\u00bb button_text_color__hover_enabled=\u00a0\u00bboff\u00a0\u00bb button_one_text_color__hover_enabled=\u00a0\u00bboff\u00a0\u00bb button_two_text_color__hover_enabled=\u00a0\u00bboff\u00a0\u00bb button_border_width__hover_enabled=\u00a0\u00bboff\u00a0\u00bb button_one_border_width__hover_enabled=\u00a0\u00bboff\u00a0\u00bb button_two_border_width__hover_enabled=\u00a0\u00bboff\u00a0\u00bb button_border_color__hover_enabled=\u00a0\u00bboff\u00a0\u00bb button_one_border_color__hover_enabled=\u00a0\u00bboff\u00a0\u00bb button_two_border_color__hover_enabled=\u00a0\u00bboff\u00a0\u00bb button_border_radius__hover_enabled=\u00a0\u00bboff\u00a0\u00bb button_one_border_radius__hover_enabled=\u00a0\u00bboff\u00a0\u00bb button_two_border_radius__hover_enabled=\u00a0\u00bboff\u00a0\u00bb button_letter_spacing__hover_enabled=\u00a0\u00bboff\u00a0\u00bb button_one_letter_spacing__hover_enabled=\u00a0\u00bboff\u00a0\u00bb button_two_letter_spacing__hover_enabled=\u00a0\u00bboff\u00a0\u00bb button_bg_color__hover_enabled=\u00a0\u00bboff\u00a0\u00bb button_one_bg_color__hover_enabled=\u00a0\u00bboff\u00a0\u00bb button_two_bg_color__hover_enabled=\u00a0\u00bboff\u00a0\u00bb][\/et_pb_contact_field][\/et_pb_contact_form][\/et_pb_column][\/et_pb_row][\/et_pb_section]<\/p>\n","protected":false},"excerpt":{"rendered":"<p>CONTACTc\/o PY Mathys138\/80 ChaiyaphruckekNong Prue, BanglamungChon Buri &#8211; 20150 (TH)<\/p>","protected":false},"author":1,"featured_media":0,"parent":0,"menu_order":90,"comment_status":"closed","ping_status":"closed","template":"","meta":{"_et_pb_use_builder":"on","_et_pb_old_content":"<!-- wp:divi\/placeholder \/-->","_et_gb_content_width":"","footnotes":""},"class_list":["post-16","page","type-page","status-publish","hentry"],"yoast_head":"<!-- This site is optimized with the Yoast SEO plugin v27.3 - https:\/\/yoast.com\/product\/yoast-seo-wordpress\/ -->\n<title>Copain du Matin \u2013 Veille solidaire quotidienne pour personnes seules et vuln\u00e9rables<\/title>\n<meta name=\"description\" content=\"Copain du Matin est une communaut\u00e9 solidaire qui veille chaque matin sur ses membres, en particulier les personnes seules, \u00e2g\u00e9es ou vuln\u00e9rables, gr\u00e2ce \u00e0 un syst\u00e8me d\u2019appel ou de message r\u00e9gulier. Ensemble, pr\u00e9venons l\u2019isolement, les malaises et les situations critiques.\" \/>\n<meta name=\"robots\" content=\"index, follow, max-snippet:-1, max-image-preview:large, max-video-preview:-1\" \/>\n<link rel=\"canonical\" href=\"https:\/\/copaindumatin.org\/th\/contact\/\" \/>\n<meta property=\"og:locale\" content=\"th_TH\" \/>\n<meta property=\"og:type\" content=\"article\" \/>\n<meta property=\"og:title\" content=\"Copain du Matin \u2013 Veille solidaire quotidienne pour personnes seules et vuln\u00e9rables\" \/>\n<meta property=\"og:description\" content=\"Copain du Matin est une communaut\u00e9 solidaire qui veille chaque matin sur ses membres, en particulier les personnes seules, \u00e2g\u00e9es ou vuln\u00e9rables, gr\u00e2ce \u00e0 un syst\u00e8me d\u2019appel ou de message r\u00e9gulier. Ensemble, pr\u00e9venons l\u2019isolement, les malaises et les situations critiques.\" \/>\n<meta property=\"og:url\" content=\"https:\/\/copaindumatin.org\/th\/contact\/\" \/>\n<meta property=\"og:site_name\" content=\"Copain du Matin\" \/>\n<meta property=\"article:modified_time\" content=\"2025-05-29T09:31:42+00:00\" \/>\n<meta name=\"twitter:card\" content=\"summary_large_image\" \/>\n<meta name=\"twitter:label1\" content=\"Est. reading time\" \/>\n\t<meta name=\"twitter:data1\" content=\"7 \u0e19\u0e32\u0e17\u0e35\" \/>\n<script type=\"application\/ld+json\" class=\"yoast-schema-graph\">{\"@context\":\"https:\\\/\\\/schema.org\",\"@graph\":[{\"@type\":\"WebPage\",\"@id\":\"https:\\\/\\\/copaindumatin.org\\\/contact\\\/\",\"url\":\"https:\\\/\\\/copaindumatin.org\\\/contact\\\/\",\"name\":\"Copain du Matin \u2013 Veille solidaire quotidienne pour personnes seules et vuln\u00e9rables\",\"isPartOf\":{\"@id\":\"https:\\\/\\\/copaindumatin.org\\\/#website\"},\"datePublished\":\"2024-08-03T05:53:34+00:00\",\"dateModified\":\"2025-05-29T09:31:42+00:00\",\"description\":\"Copain du Matin est une communaut\u00e9 solidaire qui veille chaque matin sur ses membres, en particulier les personnes seules, \u00e2g\u00e9es ou vuln\u00e9rables, gr\u00e2ce \u00e0 un syst\u00e8me d\u2019appel ou de message r\u00e9gulier. Ensemble, pr\u00e9venons l\u2019isolement, les malaises et les situations critiques.\",\"breadcrumb\":{\"@id\":\"https:\\\/\\\/copaindumatin.org\\\/contact\\\/#breadcrumb\"},\"inLanguage\":\"th\",\"potentialAction\":[{\"@type\":\"ReadAction\",\"target\":[\"https:\\\/\\\/copaindumatin.org\\\/contact\\\/\"]}]},{\"@type\":\"BreadcrumbList\",\"@id\":\"https:\\\/\\\/copaindumatin.org\\\/contact\\\/#breadcrumb\",\"itemListElement\":[{\"@type\":\"ListItem\",\"position\":1,\"name\":\"Accueil\",\"item\":\"https:\\\/\\\/copaindumatin.org\\\/\"},{\"@type\":\"ListItem\",\"position\":2,\"name\":\"Contact\"}]},{\"@type\":\"WebSite\",\"@id\":\"https:\\\/\\\/copaindumatin.org\\\/#website\",\"url\":\"https:\\\/\\\/copaindumatin.org\\\/\",\"name\":\"Copain du Matin\",\"description\":\"Parce qu&#039;un appel peut tout changer\",\"publisher\":{\"@id\":\"https:\\\/\\\/copaindumatin.org\\\/#organization\"},\"potentialAction\":[{\"@type\":\"SearchAction\",\"target\":{\"@type\":\"EntryPoint\",\"urlTemplate\":\"https:\\\/\\\/copaindumatin.org\\\/?s={search_term_string}\"},\"query-input\":{\"@type\":\"PropertyValueSpecification\",\"valueRequired\":true,\"valueName\":\"search_term_string\"}}],\"inLanguage\":\"th\"},{\"@type\":\"Organization\",\"@id\":\"https:\\\/\\\/copaindumatin.org\\\/#organization\",\"name\":\"Copain du Matin\",\"url\":\"https:\\\/\\\/copaindumatin.org\\\/\",\"logo\":{\"@type\":\"ImageObject\",\"inLanguage\":\"th\",\"@id\":\"https:\\\/\\\/copaindumatin.org\\\/#\\\/schema\\\/logo\\\/image\\\/\",\"url\":\"https:\\\/\\\/copaindumatin.org\\\/wp-content\\\/uploads\\\/2025\\\/05\\\/fav.png\",\"contentUrl\":\"https:\\\/\\\/copaindumatin.org\\\/wp-content\\\/uploads\\\/2025\\\/05\\\/fav.png\",\"width\":800,\"height\":800,\"caption\":\"Copain du Matin\"},\"image\":{\"@id\":\"https:\\\/\\\/copaindumatin.org\\\/#\\\/schema\\\/logo\\\/image\\\/\"}}]}<\/script>\n<!-- \/ Yoast SEO plugin. -->","yoast_head_json":{"title":"Morning Friend \u2013 \u0e40\u0e1d\u0e49\u0e32\u0e14\u0e39\u0e04\u0e27\u0e32\u0e21\u0e2a\u0e32\u0e21\u0e31\u0e04\u0e04\u0e35\u0e1b\u0e23\u0e30\u0e08\u0e33\u0e27\u0e31\u0e19\u0e40\u0e1e\u0e37\u0e48\u0e2d\u0e1c\u0e39\u0e49\u0e04\u0e19\u0e17\u0e35\u0e48\u0e42\u0e14\u0e14\u0e40\u0e14\u0e35\u0e48\u0e22\u0e27\u0e41\u0e25\u0e30\u0e40\u0e1b\u0e23\u0e32\u0e30\u0e1a\u0e32\u0e07","description":"Morning Friend \u0e04\u0e37\u0e2d\u0e0a\u0e38\u0e21\u0e0a\u0e19\u0e17\u0e35\u0e48\u0e04\u0e2d\u0e22\u0e2a\u0e19\u0e31\u0e1a\u0e2a\u0e19\u0e38\u0e19\u0e41\u0e25\u0e30\u0e14\u0e39\u0e41\u0e25\u0e2a\u0e21\u0e32\u0e0a\u0e34\u0e01\u0e17\u0e38\u0e01\u0e40\u0e0a\u0e49\u0e32 \u0e42\u0e14\u0e22\u0e40\u0e09\u0e1e\u0e32\u0e30\u0e1c\u0e39\u0e49\u0e17\u0e35\u0e48\u0e23\u0e39\u0e49\u0e2a\u0e36\u0e01\u0e42\u0e14\u0e14\u0e40\u0e14\u0e35\u0e48\u0e22\u0e27 \u0e1c\u0e39\u0e49\u0e2a\u0e39\u0e07\u0e2d\u0e32\u0e22\u0e38 \u0e2b\u0e23\u0e37\u0e2d\u0e1c\u0e39\u0e49\u0e17\u0e35\u0e48\u0e2d\u0e48\u0e2d\u0e19\u0e41\u0e2d \u0e1c\u0e48\u0e32\u0e19\u0e23\u0e30\u0e1a\u0e1a\u0e42\u0e17\u0e23\u0e28\u0e31\u0e1e\u0e17\u0e4c\u0e2b\u0e23\u0e37\u0e2d\u0e02\u0e49\u0e2d\u0e04\u0e27\u0e32\u0e21\u0e40\u0e1b\u0e47\u0e19\u0e1b\u0e23\u0e30\u0e08\u0e33 \u0e23\u0e48\u0e27\u0e21\u0e01\u0e31\u0e19\u0e1b\u0e49\u0e2d\u0e07\u0e01\u0e31\u0e19\u0e04\u0e27\u0e32\u0e21\u0e42\u0e14\u0e14\u0e40\u0e14\u0e35\u0e48\u0e22\u0e27 \u0e04\u0e27\u0e32\u0e21\u0e44\u0e21\u0e48\u0e2a\u0e1a\u0e32\u0e22\u0e43\u0e08 \u0e41\u0e25\u0e30\u0e2a\u0e16\u0e32\u0e19\u0e01\u0e32\u0e23\u0e13\u0e4c\u0e04\u0e31\u0e1a\u0e02\u0e31\u0e19","robots":{"index":"index","follow":"follow","max-snippet":"max-snippet:-1","max-image-preview":"max-image-preview:large","max-video-preview":"max-video-preview:-1"},"canonical":"https:\/\/copaindumatin.org\/th\/contact\/","og_locale":"th_TH","og_type":"article","og_title":"Copain du Matin \u2013 Veille solidaire quotidienne pour personnes seules et vuln\u00e9rables","og_description":"Copain du Matin est une communaut\u00e9 solidaire qui veille chaque matin sur ses membres, en particulier les personnes seules, \u00e2g\u00e9es ou vuln\u00e9rables, gr\u00e2ce \u00e0 un syst\u00e8me d\u2019appel ou de message r\u00e9gulier. Ensemble, pr\u00e9venons l\u2019isolement, les malaises et les situations critiques.","og_url":"https:\/\/copaindumatin.org\/th\/contact\/","og_site_name":"Copain du Matin","article_modified_time":"2025-05-29T09:31:42+00:00","twitter_card":"summary_large_image","twitter_misc":{"Est. reading time":"7 \u0e19\u0e32\u0e17\u0e35"},"schema":{"@context":"https:\/\/schema.org","@graph":[{"@type":"WebPage","@id":"https:\/\/copaindumatin.org\/contact\/","url":"https:\/\/copaindumatin.org\/contact\/","name":"Morning Friend \u2013 \u0e40\u0e1d\u0e49\u0e32\u0e14\u0e39\u0e04\u0e27\u0e32\u0e21\u0e2a\u0e32\u0e21\u0e31\u0e04\u0e04\u0e35\u0e1b\u0e23\u0e30\u0e08\u0e33\u0e27\u0e31\u0e19\u0e40\u0e1e\u0e37\u0e48\u0e2d\u0e1c\u0e39\u0e49\u0e04\u0e19\u0e17\u0e35\u0e48\u0e42\u0e14\u0e14\u0e40\u0e14\u0e35\u0e48\u0e22\u0e27\u0e41\u0e25\u0e30\u0e40\u0e1b\u0e23\u0e32\u0e30\u0e1a\u0e32\u0e07","isPartOf":{"@id":"https:\/\/copaindumatin.org\/#website"},"datePublished":"2024-08-03T05:53:34+00:00","dateModified":"2025-05-29T09:31:42+00:00","description":"Morning Friend \u0e04\u0e37\u0e2d\u0e0a\u0e38\u0e21\u0e0a\u0e19\u0e17\u0e35\u0e48\u0e04\u0e2d\u0e22\u0e2a\u0e19\u0e31\u0e1a\u0e2a\u0e19\u0e38\u0e19\u0e41\u0e25\u0e30\u0e14\u0e39\u0e41\u0e25\u0e2a\u0e21\u0e32\u0e0a\u0e34\u0e01\u0e17\u0e38\u0e01\u0e40\u0e0a\u0e49\u0e32 \u0e42\u0e14\u0e22\u0e40\u0e09\u0e1e\u0e32\u0e30\u0e1c\u0e39\u0e49\u0e17\u0e35\u0e48\u0e23\u0e39\u0e49\u0e2a\u0e36\u0e01\u0e42\u0e14\u0e14\u0e40\u0e14\u0e35\u0e48\u0e22\u0e27 \u0e1c\u0e39\u0e49\u0e2a\u0e39\u0e07\u0e2d\u0e32\u0e22\u0e38 \u0e2b\u0e23\u0e37\u0e2d\u0e1c\u0e39\u0e49\u0e17\u0e35\u0e48\u0e2d\u0e48\u0e2d\u0e19\u0e41\u0e2d \u0e1c\u0e48\u0e32\u0e19\u0e23\u0e30\u0e1a\u0e1a\u0e42\u0e17\u0e23\u0e28\u0e31\u0e1e\u0e17\u0e4c\u0e2b\u0e23\u0e37\u0e2d\u0e02\u0e49\u0e2d\u0e04\u0e27\u0e32\u0e21\u0e40\u0e1b\u0e47\u0e19\u0e1b\u0e23\u0e30\u0e08\u0e33 \u0e23\u0e48\u0e27\u0e21\u0e01\u0e31\u0e19\u0e1b\u0e49\u0e2d\u0e07\u0e01\u0e31\u0e19\u0e04\u0e27\u0e32\u0e21\u0e42\u0e14\u0e14\u0e40\u0e14\u0e35\u0e48\u0e22\u0e27 \u0e04\u0e27\u0e32\u0e21\u0e44\u0e21\u0e48\u0e2a\u0e1a\u0e32\u0e22\u0e43\u0e08 \u0e41\u0e25\u0e30\u0e2a\u0e16\u0e32\u0e19\u0e01\u0e32\u0e23\u0e13\u0e4c\u0e04\u0e31\u0e1a\u0e02\u0e31\u0e19","breadcrumb":{"@id":"https:\/\/copaindumatin.org\/contact\/#breadcrumb"},"inLanguage":"th","potentialAction":[{"@type":"ReadAction","target":["https:\/\/copaindumatin.org\/contact\/"]}]},{"@type":"BreadcrumbList","@id":"https:\/\/copaindumatin.org\/contact\/#breadcrumb","itemListElement":[{"@type":"ListItem","position":1,"name":"Accueil","item":"https:\/\/copaindumatin.org\/"},{"@type":"ListItem","position":2,"name":"Contact"}]},{"@type":"WebSite","@id":"https:\/\/copaindumatin.org\/#website","url":"https:\/\/copaindumatin.org\/","name":"\u0e40\u0e1e\u0e37\u0e48\u0e2d\u0e19\u0e22\u0e32\u0e21\u0e40\u0e0a\u0e49\u0e32","description":"\u0e40\u0e1e\u0e23\u0e32\u0e30\u0e01\u0e32\u0e23\u0e42\u0e17\u0e23\u0e40\u0e1e\u0e35\u0e22\u0e07\u0e04\u0e23\u0e31\u0e49\u0e07\u0e40\u0e14\u0e35\u0e22\u0e27\u0e2a\u0e32\u0e21\u0e32\u0e23\u0e16\u0e40\u0e1b\u0e25\u0e35\u0e48\u0e22\u0e19\u0e41\u0e1b\u0e25\u0e07\u0e17\u0e38\u0e01\u0e2d\u0e22\u0e48\u0e32\u0e07\u0e44\u0e14\u0e49","publisher":{"@id":"https:\/\/copaindumatin.org\/#organization"},"potentialAction":[{"@type":"SearchAction","target":{"@type":"EntryPoint","urlTemplate":"https:\/\/copaindumatin.org\/?s={search_term_string}"},"query-input":{"@type":"PropertyValueSpecification","valueRequired":true,"valueName":"search_term_string"}}],"inLanguage":"th"},{"@type":"Organization","@id":"https:\/\/copaindumatin.org\/#organization","name":"\u0e40\u0e1e\u0e37\u0e48\u0e2d\u0e19\u0e22\u0e32\u0e21\u0e40\u0e0a\u0e49\u0e32","url":"https:\/\/copaindumatin.org\/","logo":{"@type":"ImageObject","inLanguage":"th","@id":"https:\/\/copaindumatin.org\/#\/schema\/logo\/image\/","url":"https:\/\/copaindumatin.org\/wp-content\/uploads\/2025\/05\/fav.png","contentUrl":"https:\/\/copaindumatin.org\/wp-content\/uploads\/2025\/05\/fav.png","width":800,"height":800,"caption":"Copain du Matin"},"image":{"@id":"https:\/\/copaindumatin.org\/#\/schema\/logo\/image\/"}}]}},"_links":{"self":[{"href":"https:\/\/copaindumatin.org\/th\/wp-json\/wp\/v2\/pages\/16","targetHints":{"allow":["GET"]}}],"collection":[{"href":"https:\/\/copaindumatin.org\/th\/wp-json\/wp\/v2\/pages"}],"about":[{"href":"https:\/\/copaindumatin.org\/th\/wp-json\/wp\/v2\/types\/page"}],"author":[{"embeddable":true,"href":"https:\/\/copaindumatin.org\/th\/wp-json\/wp\/v2\/users\/1"}],"replies":[{"embeddable":true,"href":"https:\/\/copaindumatin.org\/th\/wp-json\/wp\/v2\/comments?post=16"}],"version-history":[{"count":15,"href":"https:\/\/copaindumatin.org\/th\/wp-json\/wp\/v2\/pages\/16\/revisions"}],"predecessor-version":[{"id":453,"href":"https:\/\/copaindumatin.org\/th\/wp-json\/wp\/v2\/pages\/16\/revisions\/453"}],"wp:attachment":[{"href":"https:\/\/copaindumatin.org\/th\/wp-json\/wp\/v2\/media?parent=16"}],"curies":[{"name":"wp","href":"https:\/\/api.w.org\/{rel}","templated":true}]}}