
{"id":303,"date":"2025-05-19T12:05:31","date_gmt":"2025-05-19T10:05:31","guid":{"rendered":"https:\/\/therezo.com\/register-2\/"},"modified":"2025-05-28T07:04:47","modified_gmt":"2025-05-28T05:04:47","slug":"inscription","status":"publish","type":"page","link":"https:\/\/copaindumatin.org\/de\/inscription\/","title":{"rendered":"Anmeldung"},"content":{"rendered":"<p>[et_pb_section fb_built=\u00a0\u00bb1&Prime; admin_label=\u00a0\u00bbsection\u00a0\u00bb _builder_version=\u00a0\u00bb4.27.4&Prime; background_color=\u00a0\u00bb#232d22&Prime; hover_enabled=\u00a0\u00bb0&Prime; global_colors_info=\u00a0\u00bb{}\u00a0\u00bb custom_padding_last_edited=\u00a0\u00bbon|phone\u00a0\u00bb custom_padding_phone=\u00a0\u00bb0px||0px||true|false\u00a0\u00bb sticky_enabled=\u00a0\u00bb0&Prime;][et_pb_row _builder_version=\u00a0\u00bb4.27.4&Prime; _module_preset=\u00a0\u00bbdefault\u00a0\u00bb global_colors_info=\u00a0\u00bb{}\u00a0\u00bb][et_pb_column type=\u00a0\u00bb4_4&Prime; _builder_version=\u00a0\u00bb4.27.4&Prime; _module_preset=\u00a0\u00bbdefault\u00a0\u00bb global_colors_info=\u00a0\u00bb{}\u00a0\u00bb][et_pb_text _builder_version=\u00a0\u00bb4.27.4&Prime; _module_preset=\u00a0\u00bbdefault\u00a0\u00bb header_font=\u00a0\u00bb|||on|||||\u00a0\u00bb header_2_font=\u00a0\u00bb|||on|||||\u00a0\u00bb header_2_font_size=\u00a0\u00bb5vw\u00a0\u00bb text_orientation=\u00a0\u00bbcenter\u00a0\u00bb hover_enabled=\u00a0\u00bb0&Prime; global_colors_info=\u00a0\u00bb{}\u00a0\u00bb header_3_font_size_last_edited=\u00a0\u00bbon|phone\u00a0\u00bb header_3_font_size_phone=\u00a0\u00bb30px\u00a0\u00bb custom_padding_last_edited=\u00a0\u00bbon|phone\u00a0\u00bb custom_padding_phone=\u00a0\u00bb||0px||false|false\u00a0\u00bb custom_margin_last_edited=\u00a0\u00bbon|phone\u00a0\u00bb custom_margin_phone=\u00a0\u00bb||0px||false|false\u00a0\u00bb sticky_enabled=\u00a0\u00bb0&Prime;]<\/p>\n<h2>INSCRIPTION<\/h2>\n<h3>\u00ab\u00a0Copain du Matin\u00a0\u00bb<\/h3>\n<p>[\/et_pb_text][\/et_pb_column][\/et_pb_row][et_pb_row admin_label=\u00a0\u00bbrow\u00a0\u00bb _builder_version=\u00a0\u00bb4.27.4&Prime; background_size=\u00a0\u00bbinitial\u00a0\u00bb background_position=\u00a0\u00bbtop_left\u00a0\u00bb background_repeat=\u00a0\u00bbrepeat\u00a0\u00bb hover_enabled=\u00a0\u00bb0&Prime; global_colors_info=\u00a0\u00bb{}\u00a0\u00bb custom_padding_last_edited=\u00a0\u00bbon|phone\u00a0\u00bb custom_padding_phone=\u00a0\u00bb0px||0px||true|false\u00a0\u00bb sticky_enabled=\u00a0\u00bb0&Prime;][et_pb_column type=\u00a0\u00bb4_4&Prime; _builder_version=\u00a0\u00bb4.16&Prime; custom_padding=\u00a0\u00bb|||\u00a0\u00bb global_colors_info=\u00a0\u00bb{}\u00a0\u00bb custom_padding__hover=\u00a0\u00bb|||\u00a0\u00bb][pms_register toggle_show=\u00a0\u00bbon\u00a0\u00bb selected_plan=\u00a0\u00bb308&Prime; toggle_plans_position=\u00a0\u00bboff\u00a0\u00bb _builder_version=\u00a0\u00bb4.27.4&Prime; _module_preset=\u00a0\u00bbdefault\u00a0\u00bb module_font=\u00a0\u00bbHind Madurai|&#8211;et_global_body_font_weight|||||||\u00a0\u00bb module_text_color=\u00a0\u00bb#FFFFFF\u00a0\u00bb module_font_size=\u00a0\u00bb17px\u00a0\u00bb text_orientation=\u00a0\u00bbcenter\u00a0\u00bb width=\u00a0\u00bb70%\u00a0\u00bb module_alignment=\u00a0\u00bbcenter\u00a0\u00bb custom_padding=\u00a0\u00bb5%|5%|5%|5%|true|true\u00a0\u00bb hover_enabled=\u00a0\u00bb0&Prime; border_width_all=\u00a0\u00bb1px\u00a0\u00bb border_color_all=\u00a0\u00bb#FFFFFF\u00a0\u00bb global_colors_info=\u00a0\u00bb{}\u00a0\u00bb width_last_edited=\u00a0\u00bbon|phone\u00a0\u00bb width_phone=\u00a0\u00bb100%\u00a0\u00bb sticky_enabled=\u00a0\u00bb0&Prime; width_tablet=\u00a0\u00bb70%\u00a0\u00bb][\/pms_register][\/et_pb_column][\/et_pb_row][\/et_pb_section]<\/p>\n","protected":false},"excerpt":{"rendered":"<p>INSCRIPTION \u00ab\u00a0Copain du Matin\u00a0\u00bb[pms_register toggle_show=\u00a0\u00bbon\u00a0\u00bb selected_plan=\u00a0\u00bb308&Prime; toggle_plans_position=\u00a0\u00bboff\u00a0\u00bb _builder_version=\u00a0\u00bb4.27.4&Prime; _module_preset=\u00a0\u00bbdefault\u00a0\u00bb module_font=\u00a0\u00bbHind Madurai|&#8211;et_global_body_font_weight|||||||\u00a0\u00bb module_text_color=\u00a0\u00bb#FFFFFF\u00a0\u00bb module_font_size=\u00a0\u00bb17px\u00a0\u00bb text_orientation=\u00a0\u00bbcenter\u00a0\u00bb width=\u00a0\u00bb70%\u00a0\u00bb module_alignment=\u00a0\u00bbcenter\u00a0\u00bb custom_padding=\u00a0\u00bb5%|5%|5%|5%|true|true\u00a0\u00bb hover_enabled=\u00a0\u00bb0&Prime; border_width_all=\u00a0\u00bb1px\u00a0\u00bb border_color_all=\u00a0\u00bb#FFFFFF\u00a0\u00bb global_colors_info=\u00a0\u00bb{}\u00a0\u00bb width_last_edited=\u00a0\u00bbon|phone\u00a0\u00bb width_phone=\u00a0\u00bb100%\u00a0\u00bb sticky_enabled=\u00a0\u00bb0&Prime; width_tablet=\u00a0\u00bb70%\u00a0\u00bb][\/pms_register]<\/p>\n","protected":false},"author":1,"featured_media":0,"parent":0,"menu_order":0,"comment_status":"closed","ping_status":"closed","template":"","meta":{"_et_pb_use_builder":"on","_et_pb_old_content":"[pms-register]","_et_gb_content_width":"","footnotes":""},"class_list":["post-303","page","type-page","status-publish","hentry"],"yoast_head":"<!-- This site is optimized with the Yoast SEO plugin v27.3 - https:\/\/yoast.com\/product\/yoast-seo-wordpress\/ -->\n<title>Copain du Matin \u2013 Veille solidaire quotidienne pour personnes seules et vuln\u00e9rables<\/title>\n<meta name=\"description\" content=\"Copain du Matin est une communaut\u00e9 solidaire qui veille chaque matin sur ses membres, en particulier les personnes seules, \u00e2g\u00e9es ou vuln\u00e9rables, gr\u00e2ce \u00e0 un syst\u00e8me d\u2019appel ou de message r\u00e9gulier. Ensemble, pr\u00e9venons l\u2019isolement, les malaises et les situations critiques.\" \/>\n<meta name=\"robots\" content=\"index, follow, max-snippet:-1, max-image-preview:large, max-video-preview:-1\" \/>\n<link rel=\"canonical\" href=\"https:\/\/copaindumatin.org\/de\/inscription\/\" \/>\n<meta property=\"og:locale\" content=\"de_DE\" \/>\n<meta property=\"og:type\" content=\"article\" \/>\n<meta property=\"og:title\" content=\"Copain du Matin \u2013 Veille solidaire quotidienne pour personnes seules et vuln\u00e9rables\" \/>\n<meta property=\"og:description\" content=\"Copain du Matin est une communaut\u00e9 solidaire qui veille chaque matin sur ses membres, en particulier les personnes seules, \u00e2g\u00e9es ou vuln\u00e9rables, gr\u00e2ce \u00e0 un syst\u00e8me d\u2019appel ou de message r\u00e9gulier. Ensemble, pr\u00e9venons l\u2019isolement, les malaises et les situations critiques.\" \/>\n<meta property=\"og:url\" content=\"https:\/\/copaindumatin.org\/de\/inscription\/\" \/>\n<meta property=\"og:site_name\" content=\"Copain du Matin\" \/>\n<meta property=\"article:modified_time\" content=\"2025-05-28T05:04:47+00:00\" \/>\n<meta name=\"twitter:card\" content=\"summary_large_image\" \/>\n<meta name=\"twitter:label1\" content=\"Gesch\u00e4tzte Lesezeit\" \/>\n\t<meta name=\"twitter:data1\" content=\"1\u00a0Minute\" \/>\n<script type=\"application\/ld+json\" class=\"yoast-schema-graph\">{\"@context\":\"https:\\\/\\\/schema.org\",\"@graph\":[{\"@type\":\"WebPage\",\"@id\":\"https:\\\/\\\/copaindumatin.org\\\/inscription\\\/\",\"url\":\"https:\\\/\\\/copaindumatin.org\\\/inscription\\\/\",\"name\":\"Copain du Matin \u2013 Veille solidaire quotidienne pour personnes seules et vuln\u00e9rables\",\"isPartOf\":{\"@id\":\"https:\\\/\\\/copaindumatin.org\\\/#website\"},\"datePublished\":\"2025-05-19T10:05:31+00:00\",\"dateModified\":\"2025-05-28T05:04:47+00:00\",\"description\":\"Copain du Matin est une communaut\u00e9 solidaire qui veille chaque matin sur ses membres, en particulier les personnes seules, \u00e2g\u00e9es ou vuln\u00e9rables, gr\u00e2ce \u00e0 un syst\u00e8me d\u2019appel ou de message r\u00e9gulier. Ensemble, pr\u00e9venons l\u2019isolement, les malaises et les situations critiques.\",\"breadcrumb\":{\"@id\":\"https:\\\/\\\/copaindumatin.org\\\/inscription\\\/#breadcrumb\"},\"inLanguage\":\"de\",\"potentialAction\":[{\"@type\":\"ReadAction\",\"target\":[\"https:\\\/\\\/copaindumatin.org\\\/inscription\\\/\"]}]},{\"@type\":\"BreadcrumbList\",\"@id\":\"https:\\\/\\\/copaindumatin.org\\\/inscription\\\/#breadcrumb\",\"itemListElement\":[{\"@type\":\"ListItem\",\"position\":1,\"name\":\"Accueil\",\"item\":\"https:\\\/\\\/copaindumatin.org\\\/\"},{\"@type\":\"ListItem\",\"position\":2,\"name\":\"Inscription\"}]},{\"@type\":\"WebSite\",\"@id\":\"https:\\\/\\\/copaindumatin.org\\\/#website\",\"url\":\"https:\\\/\\\/copaindumatin.org\\\/\",\"name\":\"Copain du Matin\",\"description\":\"Parce qu&#039;un appel peut tout changer\",\"publisher\":{\"@id\":\"https:\\\/\\\/copaindumatin.org\\\/#organization\"},\"potentialAction\":[{\"@type\":\"SearchAction\",\"target\":{\"@type\":\"EntryPoint\",\"urlTemplate\":\"https:\\\/\\\/copaindumatin.org\\\/?s={search_term_string}\"},\"query-input\":{\"@type\":\"PropertyValueSpecification\",\"valueRequired\":true,\"valueName\":\"search_term_string\"}}],\"inLanguage\":\"de\"},{\"@type\":\"Organization\",\"@id\":\"https:\\\/\\\/copaindumatin.org\\\/#organization\",\"name\":\"Copain du Matin\",\"url\":\"https:\\\/\\\/copaindumatin.org\\\/\",\"logo\":{\"@type\":\"ImageObject\",\"inLanguage\":\"de\",\"@id\":\"https:\\\/\\\/copaindumatin.org\\\/#\\\/schema\\\/logo\\\/image\\\/\",\"url\":\"https:\\\/\\\/copaindumatin.org\\\/wp-content\\\/uploads\\\/2025\\\/05\\\/fav.png\",\"contentUrl\":\"https:\\\/\\\/copaindumatin.org\\\/wp-content\\\/uploads\\\/2025\\\/05\\\/fav.png\",\"width\":800,\"height\":800,\"caption\":\"Copain du Matin\"},\"image\":{\"@id\":\"https:\\\/\\\/copaindumatin.org\\\/#\\\/schema\\\/logo\\\/image\\\/\"}}]}<\/script>\n<!-- \/ Yoast SEO plugin. -->","yoast_head_json":{"title":"Morning Friend \u2013 T\u00e4gliche Solidarit\u00e4tswache f\u00fcr einsame und schutzbed\u00fcrftige Menschen","description":"Morning Friend ist eine unterst\u00fctzende Community, die sich jeden Morgen durch ein regelm\u00e4\u00dfiges Anruf- oder Nachrichtensystem um ihre Mitglieder k\u00fcmmert, insbesondere um einsame, \u00e4ltere oder schutzbed\u00fcrftige Menschen. Gemeinsam k\u00f6nnen wir Isolation, Unbehagen und kritische Situationen verhindern.","robots":{"index":"index","follow":"follow","max-snippet":"max-snippet:-1","max-image-preview":"max-image-preview:large","max-video-preview":"max-video-preview:-1"},"canonical":"https:\/\/copaindumatin.org\/de\/inscription\/","og_locale":"de_DE","og_type":"article","og_title":"Copain du Matin \u2013 Veille solidaire quotidienne pour personnes seules et vuln\u00e9rables","og_description":"Copain du Matin est une communaut\u00e9 solidaire qui veille chaque matin sur ses membres, en particulier les personnes seules, \u00e2g\u00e9es ou vuln\u00e9rables, gr\u00e2ce \u00e0 un syst\u00e8me d\u2019appel ou de message r\u00e9gulier. Ensemble, pr\u00e9venons l\u2019isolement, les malaises et les situations critiques.","og_url":"https:\/\/copaindumatin.org\/de\/inscription\/","og_site_name":"Copain du Matin","article_modified_time":"2025-05-28T05:04:47+00:00","twitter_card":"summary_large_image","twitter_misc":{"Gesch\u00e4tzte Lesezeit":"1\u00a0Minute"},"schema":{"@context":"https:\/\/schema.org","@graph":[{"@type":"WebPage","@id":"https:\/\/copaindumatin.org\/inscription\/","url":"https:\/\/copaindumatin.org\/inscription\/","name":"Morning Friend \u2013 T\u00e4gliche Solidarit\u00e4tswache f\u00fcr einsame und schutzbed\u00fcrftige Menschen","isPartOf":{"@id":"https:\/\/copaindumatin.org\/#website"},"datePublished":"2025-05-19T10:05:31+00:00","dateModified":"2025-05-28T05:04:47+00:00","description":"Morning Friend ist eine unterst\u00fctzende Community, die sich jeden Morgen durch ein regelm\u00e4\u00dfiges Anruf- oder Nachrichtensystem um ihre Mitglieder k\u00fcmmert, insbesondere um einsame, \u00e4ltere oder schutzbed\u00fcrftige Menschen. Gemeinsam k\u00f6nnen wir Isolation, Unbehagen und kritische Situationen verhindern.","breadcrumb":{"@id":"https:\/\/copaindumatin.org\/inscription\/#breadcrumb"},"inLanguage":"de","potentialAction":[{"@type":"ReadAction","target":["https:\/\/copaindumatin.org\/inscription\/"]}]},{"@type":"BreadcrumbList","@id":"https:\/\/copaindumatin.org\/inscription\/#breadcrumb","itemListElement":[{"@type":"ListItem","position":1,"name":"Accueil","item":"https:\/\/copaindumatin.org\/"},{"@type":"ListItem","position":2,"name":"Inscription"}]},{"@type":"WebSite","@id":"https:\/\/copaindumatin.org\/#website","url":"https:\/\/copaindumatin.org\/","name":"Morgen Kumpel","description":"Denn ein Anruf kann alles ver\u00e4ndern","publisher":{"@id":"https:\/\/copaindumatin.org\/#organization"},"potentialAction":[{"@type":"SearchAction","target":{"@type":"EntryPoint","urlTemplate":"https:\/\/copaindumatin.org\/?s={search_term_string}"},"query-input":{"@type":"PropertyValueSpecification","valueRequired":true,"valueName":"search_term_string"}}],"inLanguage":"de"},{"@type":"Organization","@id":"https:\/\/copaindumatin.org\/#organization","name":"Morgen Kumpel","url":"https:\/\/copaindumatin.org\/","logo":{"@type":"ImageObject","inLanguage":"de","@id":"https:\/\/copaindumatin.org\/#\/schema\/logo\/image\/","url":"https:\/\/copaindumatin.org\/wp-content\/uploads\/2025\/05\/fav.png","contentUrl":"https:\/\/copaindumatin.org\/wp-content\/uploads\/2025\/05\/fav.png","width":800,"height":800,"caption":"Copain du Matin"},"image":{"@id":"https:\/\/copaindumatin.org\/#\/schema\/logo\/image\/"}}]}},"_links":{"self":[{"href":"https:\/\/copaindumatin.org\/de\/wp-json\/wp\/v2\/pages\/303","targetHints":{"allow":["GET"]}}],"collection":[{"href":"https:\/\/copaindumatin.org\/de\/wp-json\/wp\/v2\/pages"}],"about":[{"href":"https:\/\/copaindumatin.org\/de\/wp-json\/wp\/v2\/types\/page"}],"author":[{"embeddable":true,"href":"https:\/\/copaindumatin.org\/de\/wp-json\/wp\/v2\/users\/1"}],"replies":[{"embeddable":true,"href":"https:\/\/copaindumatin.org\/de\/wp-json\/wp\/v2\/comments?post=303"}],"version-history":[{"count":14,"href":"https:\/\/copaindumatin.org\/de\/wp-json\/wp\/v2\/pages\/303\/revisions"}],"predecessor-version":[{"id":439,"href":"https:\/\/copaindumatin.org\/de\/wp-json\/wp\/v2\/pages\/303\/revisions\/439"}],"wp:attachment":[{"href":"https:\/\/copaindumatin.org\/de\/wp-json\/wp\/v2\/media?parent=303"}],"curies":[{"name":"wp","href":"https:\/\/api.w.org\/{rel}","templated":true}]}}